{"id":71,"date":"2020-04-14T15:50:43","date_gmt":"2020-04-14T13:50:43","guid":{"rendered":"https:\/\/obrazyzdanice.estranky.online\/?page_id=71"},"modified":"2025-03-19T18:13:46","modified_gmt":"2025-03-19T17:13:46","slug":"home","status":"publish","type":"page","link":"https:\/\/obrazyzdanice.cz\/","title":{"rendered":"V\u00edtejte na str\u00e1nk\u00e1ch Obrazy \u017dd\u00e1nice"},"content":{"rendered":"\t\t<div data-elementor-type=\"wp-page\" data-elementor-id=\"71\" class=\"elementor elementor-71\">\n\t\t\t\t\t\t<section class=\"elementor-section elementor-top-section elementor-element elementor-element-176b725c elementor-section-boxed elementor-section-height-default elementor-section-height-default\" data-id=\"176b725c\" data-element_type=\"section\" data-e-type=\"section\">\n\t\t\t\t\t\t<div class=\"elementor-container elementor-column-gap-default\">\n\t\t\t\t\t<div class=\"elementor-column elementor-col-100 elementor-top-column elementor-element elementor-element-60a30f61\" data-id=\"60a30f61\" data-element_type=\"column\" data-e-type=\"column\">\n\t\t\t<div class=\"elementor-widget-wrap elementor-element-populated\">\n\t\t\t\t\t\t<div class=\"elementor-element elementor-element-76fc7c8c elementor-widget elementor-widget-text-editor\" data-id=\"76fc7c8c\" data-element_type=\"widget\" data-e-type=\"widget\" data-widget_type=\"text-editor.default\">\n\t\t\t\t\t\t\t\t\t<p><\/p>\n<h4>Jmenuji se <b>Stanislava Sedl\u00e1k Chytilov\u00e1<\/b> a na str\u00e1nk\u00e1ch Obrazy \u017dd\u00e1nice p\u0159edstavuji svoji um\u011bleckou tvorbu.<\/h4>\n<p>Obrazyzdanice.cz nab\u00edz\u00ed m\u00e9 autorsk\u00e9, ru\u010dn\u011b malovan\u00e9 obrazy. Pro malbu vyu\u017e\u00edv\u00e1m tradi\u010dn\u00ed m\u00e9dia (akvarelov\u00e9 barvy), vosk (enkaustika) a pom\u011brn\u011b mladou techniku barvy akrylov\u00e9 a s nimi spojen\u00fd lit\u00fd akryl (pouring). Obrazy jsou malovan\u00e9 na \u0161epsovan\u00e9 pl\u00e1tno, \u0161epsovanou lepenku, akvarelov\u00fd a enkaustick\u00fd pap\u00edr. D\u011btsk\u00e9 motivy jsou malov\u00e1ny na d\u0159ev\u011bn\u00e9 sp\u00e1rovce.<\/p>\n<p><b>Obrazy malovan\u00e9 na \u0161epsovan\u00e9 pl\u00e1tno jsou dod\u00e1v\u00e1ny bez r\u00e1mu.<br>Obrazy malovan\u00e9 na akvarelov\u00fd, akrylov\u00fd nebo enkaustick\u00fd pap\u00edr jsou rozm\u011bru&nbsp;<\/b><span style=\"font-weight: bold; letter-spacing: 0px;\">A3 (30 \u00d742 cm) a mohou b\u00fdt dod\u00e1ny v r\u00e1mu&nbsp;<\/span><b style=\"color: var( --e-global-color-text ); font-family: var( --e-global-typography-text-font-family ); letter-spacing: 0px;\"><span style=\"font-size: 11.5pt; font-family: roboto, serif; background-image: initial; background-position: initial; background-size: initial; background-repeat: initial; background-attachment: initial; background-origin: initial; background-clip: initial;\"><a href=\"https:\/\/obrazyzdanice.cz\/?post_type=product\">&nbsp;(v\u00edce informac\u00ed u jednotliv\u00fdch obraz\u016f).<\/a>&nbsp;Cena obraz\u016f s r\u00e1mem je 800 K\u010d, cena obraz\u016f v klip r\u00e1mu je 650 K\u010d.<\/span><\/b><\/p>\n<h6><span style=\"letter-spacing: 0px;\">Nab\u00edz\u00edm rovn\u011b\u017e zak\u00e1zkovou tvorbu. \u0158ekn\u011bte si, jak by m\u011bl obraz vypadat:<br>GSM: +420&nbsp;<\/span>720 761 770<br>obrazyzdanice@seznam.cz<\/h6>\n<h6>&nbsp;<\/h6>\n<p style=\"text-align: start;\">Aktu\u00e1ln\u00ed novinky k moj\u00ed tvorb\u011b a nov\u00fdm technik\u00e1m m\u016f\u017eete sledovat rovn\u011b\u017e na soci\u00e1ln\u00edch s\u00edt\u00edch.<br><a href=\"https:\/\/www.facebook.com\/obrazyzdanice\" target=\"_blank\" rel=\"noopener\">https:\/\/www.facebook.com\/obrazyzdanice<\/a><br><a href=\"https:\/\/www.instagram.com\/obrazyzdanice\/\" target=\"_blank\" rel=\"noopener\">https:\/\/www.instagram.com\/obrazyzdanice<\/a><\/p>\n<p style=\"margin-bottom: 0.0001pt; line-height: normal; background-image: initial; background-position: initial; background-size: initial; background-repeat: initial; background-attachment: initial; background-origin: initial; background-clip: initial;\"><span style=\"font-size: 11.5pt; font-family: roboto, serif; background-image: initial; background-position: initial; background-size: initial; background-repeat: initial; background-attachment: initial; background-origin: initial; background-clip: initial;\">Dop\u0159ejte sv\u00e9mu domovu nebo bl\u00edzk\u00fdm origin\u00e1ln\u00ed hand made obraz. V\u0161echny malovan\u00e9 obrazy jsou certifikovan\u00fdm origin\u00e1lem a jsou signovan\u00e9 pod Stanislava Sedl\u00e1k Chytilov\u00e1 (SSCh). Kompletn\u00ed nab\u00eddku sou\u010dasn\u00e9 tvorby naleznete na&nbsp;<\/span><span style=\"color: #ca9b52; font-family: roboto, serif;\"><span style=\"font-size: 15.3333px;\">https:\/\/obrazyzdanice.cz\/?post_type=product<\/span><\/span><\/p>\n<p><\/p>\t\t\t\t\t\t\t\t<\/div>\n\t\t\t\t<div class=\"elementor-element elementor-element-6a564f3 elementor-widget elementor-widget-image\" data-id=\"6a564f3\" data-element_type=\"widget\" data-e-type=\"widget\" data-widget_type=\"image.default\">\n\t\t\t\t\t\t\t\t\t\t\t\t\t\t\t<img fetchpriority=\"high\" decoding=\"async\" width=\"500\" height=\"500\" src=\"https:\/\/obrazyzdanice.cz\/wp-content\/uploads\/2020\/04\/Kresl\u00edm-abych-\u017eil.jpg\" class=\"attachment-large size-large wp-image-8\" alt=\"Obrazy \u017dd\u00e1nice\" srcset=\"https:\/\/obrazyzdanice.cz\/wp-content\/uploads\/2020\/04\/Kresl\u00edm-abych-\u017eil.jpg 500w, https:\/\/obrazyzdanice.cz\/wp-content\/uploads\/2020\/04\/Kresl\u00edm-abych-\u017eil-300x300.jpg 300w, https:\/\/obrazyzdanice.cz\/wp-content\/uploads\/2020\/04\/Kresl\u00edm-abych-\u017eil-100x100.jpg 100w, https:\/\/obrazyzdanice.cz\/wp-content\/uploads\/2020\/04\/Kresl\u00edm-abych-\u017eil-150x150.jpg 150w\" sizes=\"(max-width: 500px) 100vw, 500px\" \/>\t\t\t\t\t\t\t\t\t\t\t\t\t\t\t<\/div>\n\t\t\t\t\t<\/div>\n\t\t<\/div>\n\t\t\t\t\t<\/div>\n\t\t<\/section>\n\t\t\t\t<section class=\"elementor-section elementor-top-section elementor-element elementor-element-81b8293 elementor-section-boxed elementor-section-height-default elementor-section-height-default\" data-id=\"81b8293\" data-element_type=\"section\" data-e-type=\"section\">\n\t\t\t\t\t\t<div class=\"elementor-container elementor-column-gap-default\">\n\t\t\t\t\t<div class=\"elementor-column elementor-col-100 elementor-top-column elementor-element elementor-element-ef8ffb9\" data-id=\"ef8ffb9\" data-element_type=\"column\" data-e-type=\"column\">\n\t\t\t<div class=\"elementor-widget-wrap elementor-element-populated\">\n\t\t\t\t\t\t<div class=\"elementor-element elementor-element-32c9d4c elementor-widget elementor-widget-text-editor\" data-id=\"32c9d4c\" data-element_type=\"widget\" data-e-type=\"widget\" data-widget_type=\"text-editor.default\">\n\t\t\t\t\t\t\t\t\t<h3>Co pro v\u00e1s mohu vytvo\u0159it:<br><h5>Origin\u00e1ln\u00ed obrazy malovan\u00e9 na pl\u00e1tno \u010di pap\u00edr akrylem a voskem<\/h5><h5>D\u011btsk\u00e9 obr\u00e1zky<\/h5><h5>Portr\u00e9ty<\/h5><h5>Karikatury<br><br><\/h5><\/h3>\t\t\t\t\t\t\t\t<\/div>\n\t\t\t\t\t<\/div>\n\t\t<\/div>\n\t\t\t\t\t<\/div>\n\t\t<\/section>\n\t\t\t\t<section class=\"elementor-section elementor-top-section elementor-element elementor-element-6715ac5 elementor-section-boxed elementor-section-height-default elementor-section-height-default\" data-id=\"6715ac5\" data-element_type=\"section\" data-e-type=\"section\">\n\t\t\t\t\t\t<div class=\"elementor-container elementor-column-gap-default\">\n\t\t\t\t\t<div class=\"elementor-column elementor-col-100 elementor-top-column elementor-element elementor-element-bee20db\" data-id=\"bee20db\" data-element_type=\"column\" data-e-type=\"column\">\n\t\t\t<div class=\"elementor-widget-wrap elementor-element-populated\">\n\t\t\t\t\t\t<div class=\"elementor-element elementor-element-2a0bffe elementor-widget elementor-widget-image\" data-id=\"2a0bffe\" data-element_type=\"widget\" data-e-type=\"widget\" data-widget_type=\"image.default\">\n\t\t\t\t\t\t\t\t\t\t\t\t\t\t\t<img decoding=\"async\" width=\"768\" height=\"1024\" src=\"https:\/\/obrazyzdanice.cz\/wp-content\/uploads\/2020\/10\/IMG_20201015_134317-768x1024.jpg\" class=\"attachment-large size-large wp-image-346\" alt=\"Obrazy malovan\u00e9 voskem\" srcset=\"https:\/\/obrazyzdanice.cz\/wp-content\/uploads\/2020\/10\/IMG_20201015_134317-768x1024.jpg 768w, https:\/\/obrazyzdanice.cz\/wp-content\/uploads\/2020\/10\/IMG_20201015_134317-225x300.jpg 225w, https:\/\/obrazyzdanice.cz\/wp-content\/uploads\/2020\/10\/IMG_20201015_134317-1140x1520.jpg 1140w, https:\/\/obrazyzdanice.cz\/wp-content\/uploads\/2020\/10\/IMG_20201015_134317-600x800.jpg 600w\" sizes=\"(max-width: 768px) 100vw, 768px\" \/>\t\t\t\t\t\t\t\t\t\t\t\t\t\t\t<\/div>\n\t\t\t\t\t<\/div>\n\t\t<\/div>\n\t\t\t\t\t<\/div>\n\t\t<\/section>\n\t\t\t\t<section class=\"elementor-section elementor-top-section elementor-element elementor-element-033b4e1 elementor-section-boxed elementor-section-height-default elementor-section-height-default\" data-id=\"033b4e1\" data-element_type=\"section\" data-e-type=\"section\">\n\t\t\t\t\t\t<div class=\"elementor-container elementor-column-gap-default\">\n\t\t\t\t\t<div class=\"elementor-column elementor-col-33 elementor-top-column elementor-element elementor-element-f793a88\" data-id=\"f793a88\" data-element_type=\"column\" data-e-type=\"column\">\n\t\t\t<div class=\"elementor-widget-wrap elementor-element-populated\">\n\t\t\t\t\t\t<div class=\"elementor-element elementor-element-4decad8 elementor-widget elementor-widget-image\" data-id=\"4decad8\" data-element_type=\"widget\" data-e-type=\"widget\" data-widget_type=\"image.default\">\n\t\t\t\t\t\t\t\t\t\t\t\t\t\t\t<img decoding=\"async\" width=\"960\" height=\"923\" src=\"https:\/\/obrazyzdanice.cz\/wp-content\/uploads\/2020\/05\/20190320_100441-1024x984.jpg\" class=\"attachment-large size-large wp-image-150\" alt=\"Obr\u00e1zky pro d\u011bti a ilustrace\" srcset=\"https:\/\/obrazyzdanice.cz\/wp-content\/uploads\/2020\/05\/20190320_100441-1024x984.jpg 1024w, https:\/\/obrazyzdanice.cz\/wp-content\/uploads\/2020\/05\/20190320_100441-300x288.jpg 300w, https:\/\/obrazyzdanice.cz\/wp-content\/uploads\/2020\/05\/20190320_100441-768x738.jpg 768w, https:\/\/obrazyzdanice.cz\/wp-content\/uploads\/2020\/05\/20190320_100441-1140x1095.jpg 1140w, https:\/\/obrazyzdanice.cz\/wp-content\/uploads\/2020\/05\/20190320_100441-600x576.jpg 600w\" sizes=\"(max-width: 960px) 100vw, 960px\" \/>\t\t\t\t\t\t\t\t\t\t\t\t\t\t\t<\/div>\n\t\t\t\t\t<\/div>\n\t\t<\/div>\n\t\t\t\t<div class=\"elementor-column elementor-col-33 elementor-top-column elementor-element elementor-element-104603c\" data-id=\"104603c\" data-element_type=\"column\" data-e-type=\"column\">\n\t\t\t<div class=\"elementor-widget-wrap elementor-element-populated\">\n\t\t\t\t\t\t<div class=\"elementor-element elementor-element-1c43587 elementor-widget elementor-widget-image\" data-id=\"1c43587\" data-element_type=\"widget\" data-e-type=\"widget\" data-widget_type=\"image.default\">\n\t\t\t\t\t\t\t\t\t\t\t\t\t\t\t<img loading=\"lazy\" decoding=\"async\" width=\"960\" height=\"932\" src=\"https:\/\/obrazyzdanice.cz\/wp-content\/uploads\/2020\/05\/20190320_094856-1024x994.jpg\" class=\"attachment-large size-large wp-image-145\" alt=\"Obr\u00e1zky pro d\u011bti a ilustrace\" srcset=\"https:\/\/obrazyzdanice.cz\/wp-content\/uploads\/2020\/05\/20190320_094856-1024x994.jpg 1024w, https:\/\/obrazyzdanice.cz\/wp-content\/uploads\/2020\/05\/20190320_094856-300x291.jpg 300w, https:\/\/obrazyzdanice.cz\/wp-content\/uploads\/2020\/05\/20190320_094856-768x746.jpg 768w, https:\/\/obrazyzdanice.cz\/wp-content\/uploads\/2020\/05\/20190320_094856-1140x1107.jpg 1140w, https:\/\/obrazyzdanice.cz\/wp-content\/uploads\/2020\/05\/20190320_094856-600x583.jpg 600w\" sizes=\"(max-width: 960px) 100vw, 960px\" \/>\t\t\t\t\t\t\t\t\t\t\t\t\t\t\t<\/div>\n\t\t\t\t\t<\/div>\n\t\t<\/div>\n\t\t\t\t<div class=\"elementor-column elementor-col-33 elementor-top-column elementor-element elementor-element-9d040ef\" data-id=\"9d040ef\" data-element_type=\"column\" data-e-type=\"column\">\n\t\t\t<div class=\"elementor-widget-wrap elementor-element-populated\">\n\t\t\t\t\t\t<div class=\"elementor-element elementor-element-99d82f7 elementor-widget elementor-widget-image\" data-id=\"99d82f7\" data-element_type=\"widget\" data-e-type=\"widget\" data-widget_type=\"image.default\">\n\t\t\t\t\t\t\t\t\t\t\t\t\t\t\t<img loading=\"lazy\" decoding=\"async\" width=\"960\" height=\"953\" src=\"https:\/\/obrazyzdanice.cz\/wp-content\/uploads\/2020\/05\/20190320_100552-1024x1017.jpg\" class=\"attachment-large size-large wp-image-152\" alt=\"Obr\u00e1zky pro d\u011bti\" srcset=\"https:\/\/obrazyzdanice.cz\/wp-content\/uploads\/2020\/05\/20190320_100552-1024x1017.jpg 1024w, https:\/\/obrazyzdanice.cz\/wp-content\/uploads\/2020\/05\/20190320_100552-150x150.jpg 150w, https:\/\/obrazyzdanice.cz\/wp-content\/uploads\/2020\/05\/20190320_100552-300x298.jpg 300w, https:\/\/obrazyzdanice.cz\/wp-content\/uploads\/2020\/05\/20190320_100552-768x763.jpg 768w, https:\/\/obrazyzdanice.cz\/wp-content\/uploads\/2020\/05\/20190320_100552-1140x1132.jpg 1140w, https:\/\/obrazyzdanice.cz\/wp-content\/uploads\/2020\/05\/20190320_100552-75x75.jpg 75w, https:\/\/obrazyzdanice.cz\/wp-content\/uploads\/2020\/05\/20190320_100552-600x596.jpg 600w, https:\/\/obrazyzdanice.cz\/wp-content\/uploads\/2020\/05\/20190320_100552-100x100.jpg 100w\" sizes=\"(max-width: 960px) 100vw, 960px\" \/>\t\t\t\t\t\t\t\t\t\t\t\t\t\t\t<\/div>\n\t\t\t\t\t<\/div>\n\t\t<\/div>\n\t\t\t\t\t<\/div>\n\t\t<\/section>\n\t\t\t\t<section class=\"elementor-section elementor-top-section elementor-element elementor-element-2bf2283 elementor-section-boxed elementor-section-height-default elementor-section-height-default\" data-id=\"2bf2283\" data-element_type=\"section\" data-e-type=\"section\">\n\t\t\t\t\t\t<div class=\"elementor-container elementor-column-gap-default\">\n\t\t\t\t\t<div class=\"elementor-column elementor-col-100 elementor-top-column elementor-element elementor-element-9f5b1e4\" data-id=\"9f5b1e4\" data-element_type=\"column\" data-e-type=\"column\">\n\t\t\t<div class=\"elementor-widget-wrap elementor-element-populated\">\n\t\t\t\t\t\t<div class=\"elementor-element elementor-element-16ac2b4 elementor-widget elementor-widget-image\" data-id=\"16ac2b4\" data-element_type=\"widget\" data-e-type=\"widget\" data-widget_type=\"image.default\">\n\t\t\t\t\t\t\t\t\t\t\t\t\t\t\t<img loading=\"lazy\" decoding=\"async\" width=\"768\" height=\"1024\" src=\"https:\/\/obrazyzdanice.cz\/wp-content\/uploads\/2020\/10\/IMG_20201015_132050-768x1024.jpg\" class=\"attachment-large size-large wp-image-341\" alt=\"Obraz malovan\u00fd akrylem\" srcset=\"https:\/\/obrazyzdanice.cz\/wp-content\/uploads\/2020\/10\/IMG_20201015_132050-768x1024.jpg 768w, https:\/\/obrazyzdanice.cz\/wp-content\/uploads\/2020\/10\/IMG_20201015_132050-225x300.jpg 225w, https:\/\/obrazyzdanice.cz\/wp-content\/uploads\/2020\/10\/IMG_20201015_132050-1140x1520.jpg 1140w, https:\/\/obrazyzdanice.cz\/wp-content\/uploads\/2020\/10\/IMG_20201015_132050-600x800.jpg 600w\" sizes=\"(max-width: 768px) 100vw, 768px\" \/>\t\t\t\t\t\t\t\t\t\t\t\t\t\t\t<\/div>\n\t\t\t\t\t<\/div>\n\t\t<\/div>\n\t\t\t\t\t<\/div>\n\t\t<\/section>\n\t\t\t\t<section class=\"elementor-section elementor-top-section elementor-element elementor-element-1777f9c elementor-section-boxed elementor-section-height-default elementor-section-height-default\" data-id=\"1777f9c\" data-element_type=\"section\" data-e-type=\"section\">\n\t\t\t\t\t\t<div class=\"elementor-container elementor-column-gap-default\">\n\t\t\t\t\t<div class=\"elementor-column elementor-col-100 elementor-top-column elementor-element elementor-element-a89291a\" data-id=\"a89291a\" data-element_type=\"column\" data-e-type=\"column\">\n\t\t\t<div class=\"elementor-widget-wrap elementor-element-populated\">\n\t\t\t\t\t\t<div class=\"elementor-element elementor-element-14e6a35 elementor-widget elementor-widget-image\" data-id=\"14e6a35\" data-element_type=\"widget\" data-e-type=\"widget\" data-widget_type=\"image.default\">\n\t\t\t\t\t\t\t\t\t\t\t\t\t\t\t<img loading=\"lazy\" decoding=\"async\" width=\"768\" height=\"1024\" src=\"https:\/\/obrazyzdanice.cz\/wp-content\/uploads\/2020\/11\/IMG_20201119_220818-768x1024.jpg\" class=\"attachment-large size-large wp-image-371\" alt=\"Karikatura\" srcset=\"https:\/\/obrazyzdanice.cz\/wp-content\/uploads\/2020\/11\/IMG_20201119_220818-768x1024.jpg 768w, https:\/\/obrazyzdanice.cz\/wp-content\/uploads\/2020\/11\/IMG_20201119_220818-225x300.jpg 225w, https:\/\/obrazyzdanice.cz\/wp-content\/uploads\/2020\/11\/IMG_20201119_220818-1152x1536.jpg 1152w, https:\/\/obrazyzdanice.cz\/wp-content\/uploads\/2020\/11\/IMG_20201119_220818-1536x2048.jpg 1536w, https:\/\/obrazyzdanice.cz\/wp-content\/uploads\/2020\/11\/IMG_20201119_220818-1140x1520.jpg 1140w, https:\/\/obrazyzdanice.cz\/wp-content\/uploads\/2020\/11\/IMG_20201119_220818-600x800.jpg 600w, https:\/\/obrazyzdanice.cz\/wp-content\/uploads\/2020\/11\/IMG_20201119_220818-scaled.jpg 1920w\" sizes=\"(max-width: 768px) 100vw, 768px\" \/>\t\t\t\t\t\t\t\t\t\t\t\t\t\t\t<\/div>\n\t\t\t\t\t<\/div>\n\t\t<\/div>\n\t\t\t\t\t<\/div>\n\t\t<\/section>\n\t\t\t\t<\/div>\n\t\t","protected":false},"excerpt":{"rendered":"<p>Jmenuji se Stanislava Sedl\u00e1k Chytilov\u00e1 a na str\u00e1nk\u00e1ch Obrazy \u017dd\u00e1nice p\u0159edstavuji svoji um\u011bleckou tvorbu. Obrazyzdanice.cz nab\u00edz\u00ed m\u00e9 autorsk\u00e9, ru\u010dn\u011b malovan\u00e9 obrazy. Pro malbu vyu\u017e\u00edv\u00e1m tradi\u010dn\u00ed m\u00e9dia (akvarelov\u00e9 barvy), vosk (enkaustika) a pom\u011brn\u011b mladou techniku barvy akrylov\u00e9 a s nimi spojen\u00fd lit\u00fd akryl (pouring). Obrazy jsou malovan\u00e9 na \u0161epsovan\u00e9 pl\u00e1tno, \u0161epsovanou lepenku, akvarelov\u00fd a enkaustick\u00fd pap\u00edr. D\u011btsk\u00e9 motivy jsou malov\u00e1ny na d\u0159ev\u011bn\u00e9 sp\u00e1rovce. Obrazy malovan\u00e9 na \u0161epsovan\u00e9 pl\u00e1tno jsou dod\u00e1v\u00e1ny bez r\u00e1mu.Obrazy malovan\u00e9 na akvarelov\u00fd, akrylov\u00fd nebo enkaustick\u00fd pap\u00edr jsou rozm\u011bru&nbsp;A3 (30 \u00d742 cm) a mohou b\u00fdt dod\u00e1ny v r\u00e1mu&nbsp;&nbsp;(v\u00edce informac\u00ed u jednotliv\u00fdch obraz\u016f).&nbsp;Cena obraz\u016f s r\u00e1mem je 800 K\u010d, cena obraz\u016f v klip r\u00e1mu je 650 K\u010d. Nab\u00edz\u00edm rovn\u011b\u017e zak\u00e1zkovou tvorbu. \u0158ekn\u011bte si, jak by m\u011bl obraz vypadat:GSM: +420&nbsp;720 761 770obrazyzdanice@seznam.cz &nbsp; Aktu\u00e1ln\u00ed novinky k moj\u00ed tvorb\u011b a nov\u00fdm technik\u00e1m m\u016f\u017eete sledovat rovn\u011b\u017e na soci\u00e1ln\u00edch s\u00edt\u00edch.https:\/\/www.facebook.com\/obrazyzdanicehttps:\/\/www.instagram.com\/obrazyzdanice Dop\u0159ejte sv\u00e9mu domovu nebo bl\u00edzk\u00fdm origin\u00e1ln\u00ed hand made obraz. V\u0161echny malovan\u00e9 obrazy jsou certifikovan\u00fdm origin\u00e1lem a jsou signovan\u00e9 pod Stanislava Sedl\u00e1k Chytilov\u00e1 (SSCh). Kompletn\u00ed nab\u00eddku sou\u010dasn\u00e9 tvorby naleznete na&nbsp;https:\/\/obrazyzdanice.cz\/?post_type=product Co pro v\u00e1s mohu vytvo\u0159it: Origin\u00e1ln\u00ed obrazy malovan\u00e9 na pl\u00e1tno \u010di pap\u00edr akrylem a voskem D\u011btsk\u00e9 obr\u00e1zky Portr\u00e9ty Karikatury<\/p>\n","protected":false},"author":1,"featured_media":0,"parent":0,"menu_order":0,"comment_status":"closed","ping_status":"closed","template":"","meta":{"footnotes":""},"class_list":["post-71","page","type-page","status-publish","hentry"],"jetpack_sharing_enabled":true,"_links":{"self":[{"href":"https:\/\/obrazyzdanice.cz\/index.php?rest_route=\/wp\/v2\/pages\/71","targetHints":{"allow":["GET"]}}],"collection":[{"href":"https:\/\/obrazyzdanice.cz\/index.php?rest_route=\/wp\/v2\/pages"}],"about":[{"href":"https:\/\/obrazyzdanice.cz\/index.php?rest_route=\/wp\/v2\/types\/page"}],"author":[{"embeddable":true,"href":"https:\/\/obrazyzdanice.cz\/index.php?rest_route=\/wp\/v2\/users\/1"}],"replies":[{"embeddable":true,"href":"https:\/\/obrazyzdanice.cz\/index.php?rest_route=%2Fwp%2Fv2%2Fcomments&post=71"}],"version-history":[{"count":52,"href":"https:\/\/obrazyzdanice.cz\/index.php?rest_route=\/wp\/v2\/pages\/71\/revisions"}],"predecessor-version":[{"id":655,"href":"https:\/\/obrazyzdanice.cz\/index.php?rest_route=\/wp\/v2\/pages\/71\/revisions\/655"}],"wp:attachment":[{"href":"https:\/\/obrazyzdanice.cz\/index.php?rest_route=%2Fwp%2Fv2%2Fmedia&parent=71"}],"curies":[{"name":"wp","href":"https:\/\/api.w.org\/{rel}","templated":true}]}}