{"id":142,"date":"2020-05-11T16:55:29","date_gmt":"2020-05-11T14:55:29","guid":{"rendered":"https:\/\/obrazyzdanice.estranky.online\/?post_type=product&#038;p=142"},"modified":"2020-11-23T21:11:48","modified_gmt":"2020-11-23T20:11:48","slug":"obrazky-pro-deti-akryl-na-dreve-20-x-20-cm","status":"publish","type":"product","link":"https:\/\/obrazyzdanice.cz\/?product=obrazky-pro-deti-akryl-na-dreve-20-x-20-cm","title":{"rendered":"Obr\u00e1zky pro d\u011bti &#8211; akryl na d\u0159ev\u011b 20 \u00d7 20 cm"},"content":{"rendered":"<h2>Obr\u00e1zky pro d\u011bti jsou malov\u00e1ny akrylov\u00fdmi barvami na d\u0159evo.<\/h2>\n<h3>D\u011btsk\u00e9 hand made obr\u00e1zky slou\u017e\u00ed k pov\u011b\u0161en\u00ed na ze\u010f. Ka\u017ed\u00fd obr\u00e1zek je origin\u00e1l.<\/h3>\n<h4>Obr\u00e1zky pro d\u011bti jsou malov\u00e1ny na smrkovou sp\u00e1rovku akrylov\u00fdmi barvami. Ru\u010dn\u011b malovan\u00e9 obr\u00e1zky jsou zafixov\u00e1ny proti prachu a pro zachov\u00e1n\u00ed barvy. Obr\u00e1zek je opat\u0159en ou\u0161kem na pov\u011b\u0161en\u00ed.<\/h4>\n<p>Obr\u00e1zky jsou prod\u00e1v\u00e1ny za jednotnou cenu 200 K\u010d\/ks.<br \/>\nV p\u0159\u00edpad\u011b z\u00e1jmu mohu namalovat obr\u00e1zky dle va\u0161eho p\u0159\u00e1n\u00ed. Sta\u010d\u00ed zaslat do e-mailu obrazyzdanice@seznam.cz detaily va\u0161eho po\u017eadavku, posta\u010d\u00ed p\u0159edloha \u010di popis, jak by m\u011bl obr\u00e1zek vypadat \u010di pro koho b\u00fdt (hol\u010di\u010dka \u010di chlapec).<\/p>\n<p>Pokud by v\u00e1m rozm\u011br malovan\u00fdch obr\u00e1zk\u016f 20 \u00d7 20 cm nevyhovoval, lze po dohod\u011b zvolit i jin\u00fd rozm\u011br d\u0159ev\u011bn\u00e9 desky nebo obr\u00e1zky namalovat na \u0161epsovan\u00e9 pl\u00e1tno. Obr\u00e1zky na pl\u00e1tn\u011b jsou dod\u00e1v\u00e1ny bez r\u00e1mu.<\/p>\n<h3><strong>K prodeji jsou v\u0161echny obr\u00e1zky uveden\u00e9 v galerii:<\/strong><\/h3>\n<p><strong>\u0160nek a mot\u00fdl<\/strong><\/p>\n<p><strong>R\u016f\u017ee<\/strong><\/p>\n<p><strong>Pejsek a beru\u0161ky<\/strong><\/p>\n<p><strong>Lemur<\/strong><\/p>\n<p><strong>Pejsek<\/strong><\/p>\n<p><strong>Fialov\u00fd slon<\/strong><\/p>\n<p><strong>\u010cernou\u0161ek<\/strong><\/p>\n<p><strong>Pt\u00e1k<\/strong><\/p>\n<p><strong>Ko\u010di\u010dka<\/strong><\/p>\n<p><strong>\u0160nek a pan\u00ed \u0161nekov\u00e1<\/strong><\/p>\n","protected":false},"excerpt":{"rendered":"<h2>Obr\u00e1zky pro d\u011bti se zv\u00ed\u0159ec\u00edmi motivy jsou malov\u00e1ny akrylov\u00fdmi barvami na d\u0159evo.<\/h2>\n<h3>D\u011btsk\u00e9 hand made obr\u00e1zky slou\u017e\u00ed k pov\u011b\u0161en\u00ed na ze\u010f. Ka\u017ed\u00fd obr\u00e1zek je origin\u00e1l.<\/h3>\n<h4>Obr\u00e1zky pro d\u011bti jsou malov\u00e1ny na smrkovou sp\u00e1rovku akrylov\u00fdmi barvami. Ru\u010dn\u011b malovan\u00e9 obr\u00e1zky jsou zafixov\u00e1ny proti prachu a pro zachov\u00e1n\u00ed barvy. Obr\u00e1zek je opat\u0159en ou\u0161kem na pov\u011b\u0161en\u00ed.<\/h4>\n<p>Obr\u00e1zky jsou za jednotnou cenu 121 K\u010d\/ks.<br \/>\nV p\u0159\u00edpad\u011b z\u00e1jmu mohu dle p\u0159edlohy namalovat obr\u00e1zky dle va\u0161eho p\u0159\u00e1n\u00ed. Sta\u010d\u00ed zaslat do e-mailu kreslenimkestesti@seznam.cz detaily va\u0161eho po\u017eadavku.<\/p>\n<h3><strong>K prodeji jsou v\u0161echny obr\u00e1zky uveden\u00e9 v galerii:<\/strong><\/h3>\n<p><strong>\u0160nek a mot\u00fdl<\/strong><\/p>\n<p><strong>R\u016f\u017ee<\/strong><\/p>\n<p><strong>Pejsek a beru\u0161ky<\/strong><\/p>\n<p><strong>Lemur<\/strong><\/p>\n<p><strong>Pejsek<\/strong><\/p>\n<p><strong>Fialov\u00fd slon<\/strong><\/p>\n<p><strong>\u010cernou\u0161ek<\/strong><\/p>\n<p><strong>Pt\u00e1k<\/strong><\/p>\n<p><strong>Ko\u010di\u010dka<\/strong><\/p>\n<p><strong>\u0160nek a pan\u00ed \u0161nekov\u00e1<\/strong><\/p>\n<p>&nbsp;<\/p>\n","protected":false},"featured_media":152,"comment_status":"open","ping_status":"closed","template":"","meta":[],"product_brand":[],"product_cat":[18],"product_tag":[],"class_list":{"0":"post-142","1":"product","2":"type-product","3":"status-publish","4":"has-post-thumbnail","6":"product_cat-akryl-na-dreve","8":"first","9":"instock","10":"shipping-taxable","11":"purchasable","12":"product-type-simple"},"jetpack_sharing_enabled":true,"_links":{"self":[{"href":"https:\/\/obrazyzdanice.cz\/index.php?rest_route=\/wp\/v2\/product\/142","targetHints":{"allow":["GET"]}}],"collection":[{"href":"https:\/\/obrazyzdanice.cz\/index.php?rest_route=\/wp\/v2\/product"}],"about":[{"href":"https:\/\/obrazyzdanice.cz\/index.php?rest_route=\/wp\/v2\/types\/product"}],"replies":[{"embeddable":true,"href":"https:\/\/obrazyzdanice.cz\/index.php?rest_route=%2Fwp%2Fv2%2Fcomments&post=142"}],"wp:featuredmedia":[{"embeddable":true,"href":"https:\/\/obrazyzdanice.cz\/index.php?rest_route=\/wp\/v2\/media\/152"}],"wp:attachment":[{"href":"https:\/\/obrazyzdanice.cz\/index.php?rest_route=%2Fwp%2Fv2%2Fmedia&parent=142"}],"wp:term":[{"taxonomy":"product_brand","embeddable":true,"href":"https:\/\/obrazyzdanice.cz\/index.php?rest_route=%2Fwp%2Fv2%2Fproduct_brand&post=142"},{"taxonomy":"product_cat","embeddable":true,"href":"https:\/\/obrazyzdanice.cz\/index.php?rest_route=%2Fwp%2Fv2%2Fproduct_cat&post=142"},{"taxonomy":"product_tag","embeddable":true,"href":"https:\/\/obrazyzdanice.cz\/index.php?rest_route=%2Fwp%2Fv2%2Fproduct_tag&post=142"}],"curies":[{"name":"wp","href":"https:\/\/api.w.org\/{rel}","templated":true}]}}