{"id":176,"date":"2020-05-11T20:14:52","date_gmt":"2020-05-11T18:14:52","guid":{"rendered":"https:\/\/obrazyzdanice.estranky.online\/?post_type=product&#038;p=176"},"modified":"2022-01-18T18:56:12","modified_gmt":"2022-01-18T17:56:12","slug":"aljaska-v-plamenech","status":"publish","type":"product","link":"https:\/\/obrazyzdanice.cz\/?product=aljaska-v-plamenech","title":{"rendered":"Alja\u0161ka v plamenech"},"content":{"rendered":"<p>Obraz malovan\u00fd na \u0161epsovan\u00e9 pl\u00e1tno akrylem.<\/p>\n<p>Rozm\u011br 50 \u00d7 70 cm<\/p>\n","protected":false},"excerpt":{"rendered":"<p><img fetchpriority=\"high\" decoding=\"async\" class=\"size-medium wp-image-236\" src=\"https:\/\/obrazyzdanice.estranky.online\/wp-content\/uploads\/2020\/05\/IMG_20200630_111153-225x300.jpg\" alt=\"\" width=\"225\" height=\"300\" srcset=\"https:\/\/obrazyzdanice.cz\/wp-content\/uploads\/2020\/05\/IMG_20200630_111153-225x300.jpg 225w, https:\/\/obrazyzdanice.cz\/wp-content\/uploads\/2020\/05\/IMG_20200630_111153-768x1024.jpg 768w, https:\/\/obrazyzdanice.cz\/wp-content\/uploads\/2020\/05\/IMG_20200630_111153-1140x1520.jpg 1140w, https:\/\/obrazyzdanice.cz\/wp-content\/uploads\/2020\/05\/IMG_20200630_111153-600x800.jpg 600w\" sizes=\"(max-width: 225px) 100vw, 225px\" \/><\/p>\n<p>Obraz je rezervov\u00e1n.<\/p>\n","protected":false},"featured_media":177,"comment_status":"open","ping_status":"closed","template":"","meta":[],"product_brand":[],"product_cat":[19],"product_tag":[],"class_list":{"0":"post-176","1":"product","2":"type-product","3":"status-publish","4":"has-post-thumbnail","6":"product_cat-akryl-na-platne","8":"first","9":"outofstock","10":"shipping-taxable","11":"purchasable","12":"product-type-simple"},"jetpack_sharing_enabled":true,"_links":{"self":[{"href":"https:\/\/obrazyzdanice.cz\/index.php?rest_route=\/wp\/v2\/product\/176","targetHints":{"allow":["GET"]}}],"collection":[{"href":"https:\/\/obrazyzdanice.cz\/index.php?rest_route=\/wp\/v2\/product"}],"about":[{"href":"https:\/\/obrazyzdanice.cz\/index.php?rest_route=\/wp\/v2\/types\/product"}],"replies":[{"embeddable":true,"href":"https:\/\/obrazyzdanice.cz\/index.php?rest_route=%2Fwp%2Fv2%2Fcomments&post=176"}],"wp:featuredmedia":[{"embeddable":true,"href":"https:\/\/obrazyzdanice.cz\/index.php?rest_route=\/wp\/v2\/media\/177"}],"wp:attachment":[{"href":"https:\/\/obrazyzdanice.cz\/index.php?rest_route=%2Fwp%2Fv2%2Fmedia&parent=176"}],"wp:term":[{"taxonomy":"product_brand","embeddable":true,"href":"https:\/\/obrazyzdanice.cz\/index.php?rest_route=%2Fwp%2Fv2%2Fproduct_brand&post=176"},{"taxonomy":"product_cat","embeddable":true,"href":"https:\/\/obrazyzdanice.cz\/index.php?rest_route=%2Fwp%2Fv2%2Fproduct_cat&post=176"},{"taxonomy":"product_tag","embeddable":true,"href":"https:\/\/obrazyzdanice.cz\/index.php?rest_route=%2Fwp%2Fv2%2Fproduct_tag&post=176"}],"curies":[{"name":"wp","href":"https:\/\/api.w.org\/{rel}","templated":true}]}}