{"id":182,"date":"2020-05-11T20:22:52","date_gmt":"2020-05-11T18:22:52","guid":{"rendered":"https:\/\/obrazyzdanice.estranky.online\/?post_type=product&#038;p=182"},"modified":"2022-01-30T18:49:19","modified_gmt":"2022-01-30T17:49:19","slug":"motyl-je-plasticky-obraz-malovany-akrylem-na-platno","status":"publish","type":"product","link":"https:\/\/obrazyzdanice.cz\/?product=motyl-je-plasticky-obraz-malovany-akrylem-na-platno","title":{"rendered":"Mot\u00fdl &#8211; obraz malovan\u00fd akrylem"},"content":{"rendered":"<p><span style=\"font-size: 16px;\">Obrazy \u017dd\u00e1nice nab\u00edzej\u00ed plastick\u00fd akrylov\u00fd obraz s n\u00e1zvem Mot\u00fdl. Plastick\u00fd akryl je malovan\u00fd na \u0161epsovan\u00e9 pl\u00e1tno.<br \/>\nV p\u0159\u00edrodn\u00edm motivu obrazu p\u0159evl\u00e1d\u00e1 barva zlat\u00e1 s \u00fast\u0159edn\u00ed \u010dernou malbou mot\u00fdla.<\/span><\/p>\n<p>Rozm\u011bry: 50 \u00d7 70 cm<\/p>\n<p>Obraz bude dod\u00e1n bez r\u00e1mu.<\/p>\n<figure id=\"attachment_461\" aria-describedby=\"caption-attachment-461\" style=\"width: 225px\" class=\"wp-caption alignnone\"><img fetchpriority=\"high\" decoding=\"async\" class=\"size-medium wp-image-461\" src=\"https:\/\/obrazyzdanice.cz\/wp-content\/uploads\/2020\/05\/IMG_20200630_111214-1-225x300.jpg\" alt=\"Obraz malovan\u00fd akrylem\" width=\"225\" height=\"300\" srcset=\"https:\/\/obrazyzdanice.cz\/wp-content\/uploads\/2020\/05\/IMG_20200630_111214-1-225x300.jpg 225w, https:\/\/obrazyzdanice.cz\/wp-content\/uploads\/2020\/05\/IMG_20200630_111214-1-768x1024.jpg 768w, https:\/\/obrazyzdanice.cz\/wp-content\/uploads\/2020\/05\/IMG_20200630_111214-1-1152x1536.jpg 1152w, https:\/\/obrazyzdanice.cz\/wp-content\/uploads\/2020\/05\/IMG_20200630_111214-1-1536x2048.jpg 1536w, https:\/\/obrazyzdanice.cz\/wp-content\/uploads\/2020\/05\/IMG_20200630_111214-1-1140x1520.jpg 1140w, https:\/\/obrazyzdanice.cz\/wp-content\/uploads\/2020\/05\/IMG_20200630_111214-1-600x800.jpg 600w, https:\/\/obrazyzdanice.cz\/wp-content\/uploads\/2020\/05\/IMG_20200630_111214-1-scaled.jpg 1920w\" sizes=\"(max-width: 225px) 100vw, 225px\" \/><figcaption id=\"caption-attachment-461\" class=\"wp-caption-text\">Plastick\u00fd akrylov\u00fd obraz<\/figcaption><\/figure>\n","protected":false},"excerpt":{"rendered":"<p><span style=\"font-size: 16px;\">Obrazy \u017dd\u00e1nice nab\u00edzej\u00ed plastick\u00fd akrylov\u00fd obraz s n\u00e1zvem Mot\u00fdl. Plastick\u00fd akryl je malovan\u00fd na \u0161epsovan\u00e9 pl\u00e1tno.<br \/>\nV p\u0159\u00edrodn\u00edm motivu obrazu p\u0159evl\u00e1d\u00e1 barva zlat\u00e1 s \u00fast\u0159edn\u00ed \u010dernou malbou mot\u00fdla.<\/span><\/p>\n<p>Rozm\u011bry: 50 \u00d7 70 cm<\/p>\n<p>Obraz bude dod\u00e1n bez r\u00e1mu.<\/p>\n","protected":false},"featured_media":183,"comment_status":"open","ping_status":"closed","template":"","meta":[],"product_brand":[],"product_cat":[19],"product_tag":[25],"class_list":{"0":"post-182","1":"product","2":"type-product","3":"status-publish","4":"has-post-thumbnail","6":"product_cat-akryl-na-platne","7":"product_tag-prodano","9":"first","10":"outofstock","11":"sale","12":"shipping-taxable","13":"purchasable","14":"product-type-simple"},"jetpack_sharing_enabled":true,"_links":{"self":[{"href":"https:\/\/obrazyzdanice.cz\/index.php?rest_route=\/wp\/v2\/product\/182","targetHints":{"allow":["GET"]}}],"collection":[{"href":"https:\/\/obrazyzdanice.cz\/index.php?rest_route=\/wp\/v2\/product"}],"about":[{"href":"https:\/\/obrazyzdanice.cz\/index.php?rest_route=\/wp\/v2\/types\/product"}],"replies":[{"embeddable":true,"href":"https:\/\/obrazyzdanice.cz\/index.php?rest_route=%2Fwp%2Fv2%2Fcomments&post=182"}],"wp:featuredmedia":[{"embeddable":true,"href":"https:\/\/obrazyzdanice.cz\/index.php?rest_route=\/wp\/v2\/media\/183"}],"wp:attachment":[{"href":"https:\/\/obrazyzdanice.cz\/index.php?rest_route=%2Fwp%2Fv2%2Fmedia&parent=182"}],"wp:term":[{"taxonomy":"product_brand","embeddable":true,"href":"https:\/\/obrazyzdanice.cz\/index.php?rest_route=%2Fwp%2Fv2%2Fproduct_brand&post=182"},{"taxonomy":"product_cat","embeddable":true,"href":"https:\/\/obrazyzdanice.cz\/index.php?rest_route=%2Fwp%2Fv2%2Fproduct_cat&post=182"},{"taxonomy":"product_tag","embeddable":true,"href":"https:\/\/obrazyzdanice.cz\/index.php?rest_route=%2Fwp%2Fv2%2Fproduct_tag&post=182"}],"curies":[{"name":"wp","href":"https:\/\/api.w.org\/{rel}","templated":true}]}}