{"id":260,"date":"2020-07-02T18:18:05","date_gmt":"2020-07-02T16:18:05","guid":{"rendered":"https:\/\/obrazyzdanice.estranky.online\/?post_type=product&#038;p=260"},"modified":"2022-01-18T18:54:53","modified_gmt":"2022-01-18T17:54:53","slug":"lednacek-obrazy-zdanice","status":"publish","type":"product","link":"https:\/\/obrazyzdanice.cz\/?product=lednacek-obrazy-zdanice","title":{"rendered":"Obrazy malovan\u00e9 voskem &#8211; Led\u0148\u00e1\u010dek od Obrazy \u017dd\u00e1nice"},"content":{"rendered":"<h2>Led\u0148\u00e1\u010dek, enkaustick\u00fd obraz, je autorskou tvorbou Stanislavy Sedl\u00e1k Chytilov\u00e9<\/h2>\n<h3>Origin\u00e1ln\u00ed obraz velikosti A3 je malov\u00e1n na enkaustick\u00fd pap\u00edr voskov\u00fdmi bloky.<\/h3>\n<h4>Ka\u017ed\u00fd z nab\u00edzen\u00fdch obr\u00e1zk\u016f autorky Stanislavy Sedl\u00e1k Chytilov\u00e9 je ru\u010dn\u00edm origin\u00e1lem a malov\u00e1n jen jednou.<\/h4>\n<p>Malov\u00e1n\u00ed voskem, tzv. enkaustika, je m\u00e9n\u011b tradi\u010dn\u00ed formou m\u00e9dia pro tvorbu obraz\u016f a obr\u00e1zk\u016f. Obraz je sv\u011btlost\u00e1l\u00fd a signov\u00e1n.<\/p>\n<p>Velikost obrazu A3: 297 \u00d7 420 mm<\/p>\n<p>Cena obrazu ve sklen\u011bn\u00e9m klip r\u00e1mu je 650 K\u010d.<br \/>\nCena obrazu v d\u0159ev\u011bn\u00e9m (\u010dern\u00e9m\/b\u00edl\u00e9m) r\u00e1mu je 770 K\u010d.<br \/>\nCena obrazu bez r\u00e1mu je 500 K\u010d.<\/p>\n","protected":false},"excerpt":{"rendered":"<h1>Led\u0148\u00e1\u010dek &#8211; Obrazy \u017dd\u00e1nice<\/h1>\n<h2>Led\u0148\u00e1\u010dek &#8211; Obrazy \u017dd\u00e1nice je obraz malovan\u00fd voskem na enkaustick\u00fd pap\u00edr.<\/h2>\n<h3>Led\u0148\u00e1\u010dek je ru\u010dn\u011b malovan\u00fd obraz.<\/h3>\n<h4>Ka\u017ed\u00fd obr\u00e1zek je origin\u00e1l.<\/h4>\n<p>Malov\u00e1n\u00ed voskem, tzv. enkaustika, je m\u00e9n\u011b tradi\u010dn\u00ed formou m\u00e9dia pro tvorbu obraz\u016f a obr\u00e1zk\u016f. Obraz je le\u0161t\u011bn\u00fd a d\u00edky pou\u017eit\u00e9mu materi\u00e1lu i sv\u011btlost\u00e1l\u00fd.<\/p>\n<p>Velikost obrazu A3: 297 \u00d7 420 mm<\/p>\n<p>Obraz m\u016f\u017ee b\u00fdt <a href=\"https:\/\/www.ikea.com\/cz\/cs\/p\/lomviken-ram-hlinik-10314316\/\">dod\u00e1n v r\u00e1mu.<\/a><\/p>\n<p><strong>Cena obrazu s r\u00e1mem je 770 K\u010d.<\/strong><\/p>\n","protected":false},"featured_media":514,"comment_status":"open","ping_status":"closed","template":"","meta":[],"product_brand":[],"product_cat":[20],"product_tag":[],"class_list":{"0":"post-260","1":"product","2":"type-product","3":"status-publish","4":"has-post-thumbnail","6":"product_cat-obrazy-malovane-voskem","8":"first","9":"instock","10":"shipping-taxable","11":"purchasable","12":"product-type-simple"},"jetpack_sharing_enabled":true,"_links":{"self":[{"href":"https:\/\/obrazyzdanice.cz\/index.php?rest_route=\/wp\/v2\/product\/260","targetHints":{"allow":["GET"]}}],"collection":[{"href":"https:\/\/obrazyzdanice.cz\/index.php?rest_route=\/wp\/v2\/product"}],"about":[{"href":"https:\/\/obrazyzdanice.cz\/index.php?rest_route=\/wp\/v2\/types\/product"}],"replies":[{"embeddable":true,"href":"https:\/\/obrazyzdanice.cz\/index.php?rest_route=%2Fwp%2Fv2%2Fcomments&post=260"}],"wp:featuredmedia":[{"embeddable":true,"href":"https:\/\/obrazyzdanice.cz\/index.php?rest_route=\/wp\/v2\/media\/514"}],"wp:attachment":[{"href":"https:\/\/obrazyzdanice.cz\/index.php?rest_route=%2Fwp%2Fv2%2Fmedia&parent=260"}],"wp:term":[{"taxonomy":"product_brand","embeddable":true,"href":"https:\/\/obrazyzdanice.cz\/index.php?rest_route=%2Fwp%2Fv2%2Fproduct_brand&post=260"},{"taxonomy":"product_cat","embeddable":true,"href":"https:\/\/obrazyzdanice.cz\/index.php?rest_route=%2Fwp%2Fv2%2Fproduct_cat&post=260"},{"taxonomy":"product_tag","embeddable":true,"href":"https:\/\/obrazyzdanice.cz\/index.php?rest_route=%2Fwp%2Fv2%2Fproduct_tag&post=260"}],"curies":[{"name":"wp","href":"https:\/\/api.w.org\/{rel}","templated":true}]}}