{"id":281,"date":"2020-07-02T20:07:23","date_gmt":"2020-07-02T18:07:23","guid":{"rendered":"https:\/\/obrazyzdanice.estranky.online\/?post_type=product&#038;p=281"},"modified":"2022-01-18T18:53:35","modified_gmt":"2022-01-18T17:53:35","slug":"hledani-sedme-tecky-obrazy-zdanice","status":"publish","type":"product","link":"https:\/\/obrazyzdanice.cz\/?product=hledani-sedme-tecky-obrazy-zdanice","title":{"rendered":"Hled\u00e1n\u00ed sedm\u00e9 te\u010dky &#8211; Obrazy \u017dd\u00e1nice"},"content":{"rendered":"<h2>Hled\u00e1n\u00ed sedm\u00e9 te\u010dky &#8211; Obrazy \u017dd\u00e1nice je obraz malovan\u00fd akvarelov\u00fdmi barvami na speci\u00e1ln\u00ed vysokogram\u00e1\u017en\u00ed akvarelov\u00fd pap\u00edr.<\/h2>\n<h3>Hled\u00e1n\u00ed sedm\u00e9 te\u010dky je ru\u010dn\u011b malovan\u00fd akvarel.<\/h3>\n<h4>V\u00a0oblasti akvarelov\u00e9 tvorby nab\u00edz\u00edm origin\u00e1ln\u00ed obrazy &#8211; ka\u017ed\u00fd obr\u00e1zek je origin\u00e1l.<\/h4>\n<p>Malov\u00e1n\u00ed akvarelov\u00fdmi barvami je tradi\u010dn\u00ed a zn\u00e1m\u00e1 forma tvorby obraz\u016f a obr\u00e1zk\u016f. Akvarel zvl\u00e1d\u00e1 obs\u00e1hnout velkoform\u00e1tov\u00e9 zobrazen\u00ed i d\u016fraz na detail.<\/p>\n<p>Velikost obrazu A3: 297 \u00d7 420 mm<\/p>\n<p>Obraz m\u016f\u017ee b\u00fdt <a href=\"https:\/\/www.ikea.com\/cz\/cs\/p\/lomviken-ram-hlinik-10314316\/\" target=\"_blank\" rel=\"noopener\">dod\u00e1n v r\u00e1mu.<\/a><\/p>\n<p><strong>Cena obrazu s r\u00e1mem je 770 K\u010d.<\/strong><\/p>\n","protected":false},"excerpt":{"rendered":"<h2>Hled\u00e1n\u00ed sedm\u00e9 te\u010dky &#8211; Obrazy \u017dd\u00e1nice je obraz malovan\u00fd akvarelov\u00fdmi barvami na speci\u00e1ln\u00ed vysokogram\u00e1\u017en\u00ed akvarelov\u00fd pap\u00edr.<\/h2>\n<h3>Hled\u00e1n\u00ed sedm\u00e9 te\u010dky je ru\u010dn\u011b malovan\u00fd akvarel.<\/h3>\n<h4>V\u00a0oblasti akvarelov\u00e9 tvorby nab\u00edz\u00edm origin\u00e1ln\u00ed obrazy &#8211; ka\u017ed\u00fd obr\u00e1zek je origin\u00e1l.<\/h4>\n<p>Malov\u00e1n\u00ed akvarelov\u00fdmi barvami je tradi\u010dn\u00ed a zn\u00e1m\u00e1 forma tvorby obraz\u016f a obr\u00e1zk\u016f. Akvarel zvl\u00e1d\u00e1 obs\u00e1hnout velkoform\u00e1tov\u00e9 zobrazen\u00ed i d\u016fraz na detail.<\/p>\n<p>Velikost obrazu A3: 297 \u00d7 420 mm<\/p>\n<p>Obraz m\u016f\u017ee b\u00fdt <a href=\"https:\/\/www.ikea.com\/cz\/cs\/p\/lomviken-ram-hlinik-10314316\/\">dod\u00e1n v r\u00e1mu.<\/a><\/p>\n<p><strong>Cena obrazu s r\u00e1mem je 770 K\u010d.<\/strong><\/p>\n<p>&nbsp;<\/p>\n<p>N\u00e1zev obrazu je uveden p\u0159\u00edmo na obr\u00e1zku pod malbou.<\/p>\n","protected":false},"featured_media":282,"comment_status":"open","ping_status":"closed","template":"","meta":[],"product_brand":[],"product_cat":[22],"product_tag":[],"class_list":{"0":"post-281","1":"product","2":"type-product","3":"status-publish","4":"has-post-thumbnail","6":"product_cat-akvarel-kresleny-vtip","8":"first","9":"instock","10":"shipping-taxable","11":"purchasable","12":"product-type-simple"},"jetpack_sharing_enabled":true,"_links":{"self":[{"href":"https:\/\/obrazyzdanice.cz\/index.php?rest_route=\/wp\/v2\/product\/281","targetHints":{"allow":["GET"]}}],"collection":[{"href":"https:\/\/obrazyzdanice.cz\/index.php?rest_route=\/wp\/v2\/product"}],"about":[{"href":"https:\/\/obrazyzdanice.cz\/index.php?rest_route=\/wp\/v2\/types\/product"}],"replies":[{"embeddable":true,"href":"https:\/\/obrazyzdanice.cz\/index.php?rest_route=%2Fwp%2Fv2%2Fcomments&post=281"}],"wp:featuredmedia":[{"embeddable":true,"href":"https:\/\/obrazyzdanice.cz\/index.php?rest_route=\/wp\/v2\/media\/282"}],"wp:attachment":[{"href":"https:\/\/obrazyzdanice.cz\/index.php?rest_route=%2Fwp%2Fv2%2Fmedia&parent=281"}],"wp:term":[{"taxonomy":"product_brand","embeddable":true,"href":"https:\/\/obrazyzdanice.cz\/index.php?rest_route=%2Fwp%2Fv2%2Fproduct_brand&post=281"},{"taxonomy":"product_cat","embeddable":true,"href":"https:\/\/obrazyzdanice.cz\/index.php?rest_route=%2Fwp%2Fv2%2Fproduct_cat&post=281"},{"taxonomy":"product_tag","embeddable":true,"href":"https:\/\/obrazyzdanice.cz\/index.php?rest_route=%2Fwp%2Fv2%2Fproduct_tag&post=281"}],"curies":[{"name":"wp","href":"https:\/\/api.w.org\/{rel}","templated":true}]}}