{"id":330,"date":"2020-10-14T15:43:54","date_gmt":"2020-10-14T13:43:54","guid":{"rendered":"https:\/\/obrazyzdanice.estranky.online\/?post_type=product&#038;p=330"},"modified":"2022-01-18T18:52:41","modified_gmt":"2022-01-18T17:52:41","slug":"lekniny-prsi-z-nebe","status":"publish","type":"product","link":"https:\/\/obrazyzdanice.cz\/?product=lekniny-prsi-z-nebe","title":{"rendered":"Lekn\u00edny pr\u0161\u00ed z nebe"},"content":{"rendered":"<figure id=\"attachment_323\" aria-describedby=\"caption-attachment-323\" style=\"width: 225px\" class=\"wp-caption alignnone\"><img fetchpriority=\"high\" decoding=\"async\" class=\"size-medium wp-image-323\" src=\"https:\/\/obrazyzdanice.estranky.online\/wp-content\/uploads\/2020\/10\/IMG_20201010_170224-225x300.jpg\" alt=\"\" width=\"225\" height=\"300\" srcset=\"https:\/\/obrazyzdanice.cz\/wp-content\/uploads\/2020\/10\/IMG_20201010_170224-225x300.jpg 225w, https:\/\/obrazyzdanice.cz\/wp-content\/uploads\/2020\/10\/IMG_20201010_170224-768x1024.jpg 768w, https:\/\/obrazyzdanice.cz\/wp-content\/uploads\/2020\/10\/IMG_20201010_170224-1140x1520.jpg 1140w, https:\/\/obrazyzdanice.cz\/wp-content\/uploads\/2020\/10\/IMG_20201010_170224-600x800.jpg 600w\" sizes=\"(max-width: 225px) 100vw, 225px\" \/><figcaption id=\"caption-attachment-323\" class=\"wp-caption-text\">dav<\/figcaption><\/figure>\n<figure id=\"attachment_341\" aria-describedby=\"caption-attachment-341\" style=\"width: 225px\" class=\"wp-caption alignnone\"><img decoding=\"async\" class=\"size-medium wp-image-341\" src=\"https:\/\/obrazyzdanice.estranky.online\/wp-content\/uploads\/2020\/10\/IMG_20201015_132050-225x300.jpg\" alt=\"\" width=\"225\" height=\"300\" srcset=\"https:\/\/obrazyzdanice.cz\/wp-content\/uploads\/2020\/10\/IMG_20201015_132050-225x300.jpg 225w, https:\/\/obrazyzdanice.cz\/wp-content\/uploads\/2020\/10\/IMG_20201015_132050-768x1024.jpg 768w, https:\/\/obrazyzdanice.cz\/wp-content\/uploads\/2020\/10\/IMG_20201015_132050-1140x1520.jpg 1140w, https:\/\/obrazyzdanice.cz\/wp-content\/uploads\/2020\/10\/IMG_20201015_132050-600x800.jpg 600w\" sizes=\"(max-width: 225px) 100vw, 225px\" \/><figcaption id=\"caption-attachment-341\" class=\"wp-caption-text\">mde<\/figcaption><\/figure>\n<p>Ru\u010dn\u011b malovan\u00fd obraz.<br data-rich-text-line-break=\"true\" \/>Akryl na \u0161epsovan\u00e9m pl\u00e1tn\u011b.<br data-rich-text-line-break=\"true\" \/>Velikost obrazu: 60 \u00d7 80 cm<br data-rich-text-line-break=\"true\" \/>Obraz je bez r\u00e1mu.<\/p>\n","protected":false},"excerpt":{"rendered":"[caption id=\"attachment_343\" align=\"alignnone\" width=\"225\"]<img decoding=\"async\" class=\"size-medium wp-image-343\" src=\"https:\/\/obrazyzdanice.estranky.online\/wp-content\/uploads\/2020\/10\/IMG_20201015_131918-225x300.jpg\" alt=\"\" width=\"225\" height=\"300\" srcset=\"https:\/\/obrazyzdanice.cz\/wp-content\/uploads\/2020\/10\/IMG_20201015_131918-225x300.jpg 225w, https:\/\/obrazyzdanice.cz\/wp-content\/uploads\/2020\/10\/IMG_20201015_131918-768x1024.jpg 768w, https:\/\/obrazyzdanice.cz\/wp-content\/uploads\/2020\/10\/IMG_20201015_131918-1140x1520.jpg 1140w, https:\/\/obrazyzdanice.cz\/wp-content\/uploads\/2020\/10\/IMG_20201015_131918-600x800.jpg 600w\" sizes=\"(max-width: 225px) 100vw, 225px\" \/> mde[\/caption]\n<p>Ru\u010dn\u011b malovan\u00fd obraz.<br data-rich-text-line-break=\"true\" \/>Akryl na \u0161epsovan\u00e9m pl\u00e1tn\u011b.<br data-rich-text-line-break=\"true\" \/>Velikost obrazu: 60 \u00d7 80 cm<br data-rich-text-line-break=\"true\" \/>Obraz je bez r\u00e1mu.<\/p>\n","protected":false},"featured_media":323,"comment_status":"open","ping_status":"closed","template":"","meta":[],"product_brand":[],"product_cat":[19],"product_tag":[],"class_list":{"0":"post-330","1":"product","2":"type-product","3":"status-publish","4":"has-post-thumbnail","6":"product_cat-akryl-na-platne","8":"first","9":"instock","10":"shipping-taxable","11":"purchasable","12":"product-type-simple"},"jetpack_sharing_enabled":true,"_links":{"self":[{"href":"https:\/\/obrazyzdanice.cz\/index.php?rest_route=\/wp\/v2\/product\/330","targetHints":{"allow":["GET"]}}],"collection":[{"href":"https:\/\/obrazyzdanice.cz\/index.php?rest_route=\/wp\/v2\/product"}],"about":[{"href":"https:\/\/obrazyzdanice.cz\/index.php?rest_route=\/wp\/v2\/types\/product"}],"replies":[{"embeddable":true,"href":"https:\/\/obrazyzdanice.cz\/index.php?rest_route=%2Fwp%2Fv2%2Fcomments&post=330"}],"wp:featuredmedia":[{"embeddable":true,"href":"https:\/\/obrazyzdanice.cz\/index.php?rest_route=\/wp\/v2\/media\/323"}],"wp:attachment":[{"href":"https:\/\/obrazyzdanice.cz\/index.php?rest_route=%2Fwp%2Fv2%2Fmedia&parent=330"}],"wp:term":[{"taxonomy":"product_brand","embeddable":true,"href":"https:\/\/obrazyzdanice.cz\/index.php?rest_route=%2Fwp%2Fv2%2Fproduct_brand&post=330"},{"taxonomy":"product_cat","embeddable":true,"href":"https:\/\/obrazyzdanice.cz\/index.php?rest_route=%2Fwp%2Fv2%2Fproduct_cat&post=330"},{"taxonomy":"product_tag","embeddable":true,"href":"https:\/\/obrazyzdanice.cz\/index.php?rest_route=%2Fwp%2Fv2%2Fproduct_tag&post=330"}],"curies":[{"name":"wp","href":"https:\/\/api.w.org\/{rel}","templated":true}]}}